{"id":3,"date":"2022-02-21T15:08:33","date_gmt":"2022-02-21T15:08:33","guid":{"rendered":"https:\/\/gandlaubau.de\/?page_id=3"},"modified":"2022-05-13T10:19:08","modified_gmt":"2022-05-13T10:19:08","slug":"privacy-policy","status":"publish","type":"page","link":"https:\/\/gandlaubau.de\/?page_id=3","title":{"rendered":"Privacy Policy"},"content":{"rendered":"\t\t<div data-elementor-type=\"wp-page\" data-elementor-id=\"3\" class=\"elementor elementor-3\" data-elementor-post-type=\"page\">\n\t\t\t\t\t\t<section class=\"elementor-section elementor-top-section elementor-element elementor-element-b53c682 elementor-section-boxed elementor-section-height-default elementor-section-height-default\" data-id=\"b53c682\" data-element_type=\"section\" data-e-type=\"section\">\n\t\t\t\t\t\t<div class=\"elementor-container elementor-column-gap-default\">\n\t\t\t\t\t<div class=\"elementor-column elementor-col-100 elementor-top-column elementor-element elementor-element-8f66c2f\" data-id=\"8f66c2f\" data-element_type=\"column\" data-e-type=\"column\">\n\t\t\t<div class=\"elementor-widget-wrap elementor-element-populated\">\n\t\t\t\t\t\t<div class=\"elementor-element elementor-element-436a781 elementor-widget elementor-widget-heading\" data-id=\"436a781\" data-element_type=\"widget\" data-e-type=\"widget\" data-widget_type=\"heading.default\">\n\t\t\t\t<div class=\"elementor-widget-container\">\n\t\t\t\t\t<h2 class=\"elementor-heading-title elementor-size-default\">Datenschutzerkl\u00e4rung<\/h2>\t\t\t\t<\/div>\n\t\t\t\t<\/div>\n\t\t\t\t<div class=\"elementor-element elementor-element-c9d2838 elementor-widget elementor-widget-text-editor\" data-id=\"c9d2838\" data-element_type=\"widget\" data-e-type=\"widget\" data-widget_type=\"text-editor.default\">\n\t\t\t\t<div class=\"elementor-widget-container\">\n\t\t\t\t\t\t\t\t\t<p>Wir behandeln personenbezogene Daten vertraulich und entsprechend der gesetzlichen Datenschutzvorschriften sowie dieser Datenschutzerkl\u00e4rung. Wir m\u00f6chten Sie hiermit \u00fcber die Verarbeitung von personenbezogenen Daten auf dieser Website informieren. Wir verarbeiten Ihre pers\u00f6nlichen Daten nur, wenn sie hierin eingewilligt haben oder hier eine gesetzliche Grundlage besteht.<\/p>\n<h4>Kontaktdaten<\/h4>\n<p>Verantwortlich f\u00fcr die Verarbeitung der Daten im Sinne von Art. 4 Nr. 7 DSGVO ist die<\/p>\n<p>Gandlau-Bau GmbH<br \/>Trompeter Str. 4<br \/>40764 Langenfeld<br \/>info@gandlau-bau.de<\/p>\n<p>vertreten durch den Gesch\u00e4ftsf\u00fchrer Tadeusz Gandlau.<\/p>\n<h4>Datenschutzbeauftragter<\/h4>\n<p>Wenn sie Ihre gesetzlichen Rechte geltend machen wollen oder generell Fragen haben, wenden Sie sich bitte an info@gandlau-bau.de. Wenn Sie sich direkt an den Datenschutzbeauftragten der Gandlau-Bau GmbH wenden wollen, dann nutzen Sie bitte die folgende Postadresse:<br \/><br \/>Datenschutzbeauftragter<br \/>Gandlau-Bau GmbH<br \/>Trompeter Str. 4<br \/>40764 Langenfeld<br \/>info@gandlau-bau.de<\/p>\n<h4 class=\"h5\">Datensicherung durch Strato AG<\/h4>\n<p>Wir betreiben unsere Website \u00fcber die STRATO AG. Von STRATO werden personenbezogene Daten nach Art. 28 DSGVO verarbeitet. Beim Aufruf unserer Website wird Ihre IP-Adresse erfasst und in Logfiles gespeichert. Ihre IP-Adresse wird von STRATO zur Erkennung und Abwehr von Angriffen maximal sieben Tage gespeichert. STRATO hat f\u00fcr seine beiden Rechenzentren in Berlin und Karlsruhe die T\u00dcV-Zertifizierung nach DIN ISO\/IEC 27001 (ISO 27001), die international bekannteste Norm zum IT-Sicherheitsmanagement. Durch sie wird der Nachweis erbracht, dass von STRATO ad\u00e4quate und angemessene Sicherheitsma\u00dfnahmen gew\u00e4hlt werden, die Informationswerte sch\u00fctzen und regelm\u00e4\u00dfig nach festgelegten Standards \u00fcberpr\u00fcft werden. Die beiden Rechenzentren besitzen ein sehr hohes Sicherheitsniveau hinsichtlich physischer Sicherheit, Energieversorgung, Klimatisierung, Netzanbindung, Ausfallsicherheit und Zutrittsregelung und werden exklusiv von STRATO genutzt. Die Daten sind durch verschiedene Sicherheitsmechanismen gegen unberechtigten Zugriff gesch\u00fctzt. Zum Sicherheitskonzept von STRATO siehe ausf\u00fchrlich\u00a0<a href=\"https:\/\/www.strato.de\/faq\/article\/1933\/Sind-meine-Daten-bei-STRATO-sicher.html\">hier<\/a>\u00a0und\u00a0<a href=\"https:\/\/www.strato.de\/faq\/article\/2763\/Fragen-zur-Auftragsverarbeitungsvertrag-AVV-und-der-neuen-EU-Datenschutzgrundverordnung-DSGVO.html\">hier<\/a>.<\/p>\n<h4 class=\"h5\">Umfang der Verarbeitung personenbezogener Daten<\/h4>\n<p>Wir erheben und verwenden personenbezogene Daten unserer Nutzer grunds\u00e4tzlich nur, soweit dies zur Bereitstellung einer funktionsf\u00e4higen Website sowie unserer Inhalte und Leistungen erforderlich ist. Die Erhebung und Verwendung personenbezogener Daten unserer Nutzer erfolgt regelm\u00e4\u00dfig nur nach Einwilligung des Nutzers. Eine Ausnahme gilt in solchen F\u00e4llen, in denen eine vorherige Einholung einer Einwilligung aus tats\u00e4chlichen Gr\u00fcnden nicht m\u00f6glich ist und die Verarbeitung der Daten durch gesetzliche Vorschriften gestattet ist.<\/p>\n<h4 class=\"h5\">Rechtsgrundlage f\u00fcr die Verarbeitung personenbezogener Daten<\/h4>\n<p>Soweit wir f\u00fcr Verarbeitungsvorg\u00e4nge personenbezogener Daten eine Einwilligung der betroffenen Person einholen, dient Art. 6 Abs. 1 lit. a EU-Datenschutzgrundverordnung (DSGVO) als Rechtsgrundlage. Bei der Verarbeitung von personenbezogenen Daten, die zur Erf\u00fcllung eines Vertrages, dessen Vertragspartei die betroffene Person ist, erforderlich ist, dient Art. 6 Abs. 1 lit. b DSGVO als Rechtsgrundlage. Dies gilt auch f\u00fcr Verarbeitungsvorg\u00e4nge, die zur Durchf\u00fchrung vorvertraglicher Ma\u00dfnahmen erforderlich sind. Soweit eine Verarbeitung personenbezogener Daten zur Erf\u00fcllung einer rechtlichen Verpflichtung erforderlich ist, der unser Unternehmen unterliegt, dient Art. 6 Abs. 1 lit. c DSGVO als Rechtsgrundlage. Ist die Verarbeitung zur Wahrung eines berechtigten Interesses unseres Unternehmens oder eines Dritten erforderlich und \u00fcberwiegen die Interessen, Grundrechte und Grundfreiheiten des Betroffenen das erstgenannte Interesse nicht, so dient Art. 6 Abs. 1 lit. f DSGVO als Rechtsgrundlage f\u00fcr die Verarbeitung.<\/p>\n<h4 class=\"h5\">Bereitstellung der Website und Erstellung von Logfiles<\/h4>\n<p>Beim Besuch unserer Website wird jeder Zugriff auf ein einzelnes Element, wie beispielsweise eine Bild- oder HTML-Datei, automatisch protokolliert. Ein Webserver schreibt in ein sog. &#8222;Logfile&#8220; (eine Datei, mit der alle Prozesse aufgezeichnet werden) beispielsweise von welcher Domain aus der Zugriff erfolgt und zu welcher Zeit welches Element mit welchem Browser abgerufen wird. Aus datenschutzrechtlichen Gr\u00fcnden werden in den Logfiles der Hostname bzw. die IP-Adresse anonymisiert. Unserer Website dient ausschlie\u00dflich der Bereitstellung von Informationen \u00fcber unsere Praxis. Beim Besuch unserer Website werden durch den auf Ihrem Endger\u00e4t zum Einsatz kommenden Browser Informationen an den Server unserer Website gesendet. Diese Informationen werden tempor\u00e4r in den Logfiles des Servers gespeichert. Beim Besuch unserer Website werden nur die Daten erhoben, die von Ihrem Browser an unseren Server \u00fcbermittelt werden. Die genannten Daten werden von STRATO erhoben und verarbeitet, damit ein reibungsloser Verbindungsaufbau der Website sichergestellt wird, die Inhalte unserer Website korrekt dargestellt werden und Sie auf ihr navigieren k\u00f6nnen. Dar\u00fcber hinaus verarbeitet und speichert STRATO die Daten, um die eigenen Dienste zu verbessern, um Angriffe erkennen und abwehren zu k\u00f6nnen und um Statistiken \u00fcber die Website-Besucher anzubieten. STRATO speichert IP-Adressen nur, soweit es zur Erbringung eigener Dienste erforderlich ist. Ansonsten werden IP-Adressen gel\u00f6scht oder anonymisiert. IP-Adressen der Besucher unserer Website werden zur Erkennung und Abwehr von Angriffen maximal 7 Tage gespeichert. Folgende Log-Daten (Verbindungsdaten) werden von STRATO beim Besuch unserer Website automatisch erhoben und gespeichert (zu ausf\u00fchrlichen Informationen siehe die STRATO-Homepage\u00a0<a href=\"https:\/\/strato.de\/blog\/dsgvo-logfiles\/\">hier<\/a>\u00a0und\u00a0<a href=\"https:\/\/www.strato.de\/faq\/article\/557\/So-erfahren-Sie-wie-oft-Ihre-Internet-Seiten-besucht-worden-sind.html\">hier<\/a>):<\/p>\n<ul>\n<li>Anonymisierte IP-Adresse (bzw. Hostname): Die IP wird branchen\u00fcblich maximal sieben Tage lang gespeichert, danach wird sie anonymisiert. Aus Datenschutzgr\u00fcnden k\u00f6nnen wir IP-Adressen nur anonymisiert einsehen. IP-Adressen werden gespeichert, um zu erkennen, von wo aus Server ggf. angegriffen werden.<\/li>\n<li>Art, Sprache und Version des Browsers<\/li>\n<li>Betriebssystem<\/li>\n<li>Domain: Domain von der aus auf eine Seite zugegriffen wird und zu der Log-Daten gespeichert werden<\/li>\n<li>Name des Access\u2010Providers<\/li>\n<li>Referrer\u2010URL: Website, von der aus ein Besucher auf unsere Website gelangt ist<\/li>\n<li>Name\/ URL der abgerufenen Datei<\/li>\n<li>Request-Zeile: Pfad der Ziel-Adresse ohne die Domain<\/li>\n<li>Tag\/ Datum, Uhrzeit und Zeitzone des Zugriffs\/ Besuchs<\/li>\n<li>Status Code<\/li>\n<li>\u00dcbertragene Datenmenge bzw. Gr\u00f6\u00dfe der tempor\u00e4ren Daten, die herunter geladen wurden<\/li>\n<li>Remote User<\/li>\n<\/ul>\n<p>Unser berechtigtes Interesse folgt aus den oben aufgelisteten Zwecken zur Datenerhebung. In keinem Fall verwenden wir diese Daten, um R\u00fcckschl\u00fcsse auf Ihre Person zu ziehen. Die Rechtsgrundlage f\u00fcr die Datenverarbeitung ist Artikel 6 Absatz 1 Satz 1 lit. f DSGVO.<\/p>\n<h4 class=\"h5\">Datenl\u00f6schung und Speicherdauer<\/h4>\n<p>Personenbezogene Daten werden gel\u00f6scht oder gesperrt, sobald der Zweck der Speicherung entf\u00e4llt. Eine Speicherung kann dar\u00fcber hinaus erfolgen, wenn dies durch den europ\u00e4ischen oder nationalen Gesetzgeber in unionsrechtlichen Verordnungen, Gesetzen oder sonstigen Vorschriften, denen der Verantwortliche unterliegt, vorgesehen wurde. Eine Sperrung oder L\u00f6schung der Daten erfolgt auch dann, wenn eine durch die genannten Normen vorgeschriebene Speicherfrist abl\u00e4uft, es sei denn, dass eine Erforderlichkeit zur weiteren Speicherung der Daten f\u00fcr einen Vertragsabschluss oder eine Vertragserf\u00fcllung besteht.<\/p>\n<h4 class=\"h5\">Aufkl\u00e4rung Ihrer Rechte<\/h4>\n<p>Hinsichtlich der bei uns \u00fcber Sie gespeicherten bzw. verarbeiteten personenbezogenen Daten stehen Ihnen folgende Rechte zu:<\/p>\n<ul>\n<li><strong>Auskunftsrecht<\/strong>:\u00a0Sie k\u00f6nnen von dem Verantwortlichen eine Best\u00e4tigung dar\u00fcber verlangen, ob personenbezogene Daten, die Sie betreffen, von uns verarbeitet werden. Liegt eine solche Verarbeitung vor, k\u00f6nnen Sie \u00fcber folgende Informationen Auskunft verlangen: (1) die Zwecke, zu denen die personenbezogenen Daten verarbeitet werden; (2) die Kategorien von personenbezogenen Daten, welche verarbeitet werden; (3) die Empf\u00e4nger bzw. die Kategorien von Empf\u00e4ngern, gegen\u00fcber denen die Sie betreffenden personenbezogenen Daten offengelegt wurden oder noch offengelegt werden; (4) die geplante Dauer der Speicherung der Sie betreffenden personenbezogenen Daten oder, falls konkrete Angaben hierzu nicht m\u00f6glich sind, Kriterien f\u00fcr die Festlegung der Speicherdauer; (5) das Bestehen eines Rechts auf Berichtigung oder L\u00f6schung der Sie betreffenden personenbezogenen Daten, eines Rechts auf Einschr\u00e4nkung der Verarbeitung durch den Verantwortlichen oder eines Widerspruchsrechts gegen diese Verarbeitung; (6) das Bestehen eines Beschwerderechts bei einer Aufsichtsbeh\u00f6rde; (7) alle verf\u00fcgbaren Informationen \u00fcber die Herkunft der Daten, wenn die personenbezogenen Daten nicht bei der betroffenen Person erhoben werden; (8) das Bestehen einer automatisierten Entscheidungsfindung einschlie\u00dflich Profiling gem\u00e4\u00df Art. 22 Abs. 1 und 4 DSGVO und \u2013 zumindest in diesen F\u00e4llen \u2013 aussagekr\u00e4ftige Informationen \u00fcber die involvierte Logik sowie die Tragweite und die angestrebten Auswirkungen einer derartigen Verarbeitung f\u00fcr die betroffene Person. Ihnen steht das Recht zu, Auskunft dar\u00fcber zu verlangen, ob die Sie betreffenden personenbezogenen Daten in ein Drittland oder an eine internationale Organisation \u00fcbermittelt werden. In diesem Zusammenhang k\u00f6nnen Sie verlangen, \u00fcber die geeigneten Garantien gem. Art. 46 DSGVO im Zusammenhang mit der \u00dcbermittlung unterrichtet zu werden.<\/li>\n<li><strong>Recht auf Berichtigung<\/strong>:\u00a0Sie haben ein Recht auf Berichtigung und\/oder Vervollst\u00e4ndigung gegen\u00fcber dem Verantwortlichen, sofern die verarbeiteten personenbezogenen Daten, die Sie betreffen, unrichtig oder unvollst\u00e4ndig sind. Der Verantwortliche hat die Berichtigung unverz\u00fcglich vorzunehmen.<\/li>\n<li><strong>Recht auf Einschr\u00e4nkung der Verarbeitung<\/strong>:\u00a0Unter den folgenden Voraussetzungen k\u00f6nnen Sie die Einschr\u00e4nkung der Verarbeitung der Sie betreffenden personenbezogenen Daten verlangen: (1) wenn Sie die Richtigkeit der Sie betreffenden personenbezogenen f\u00fcr eine Dauer bestreiten, die es dem Verantwortlichen erm\u00f6glicht, die Richtigkeit der personenbezogenen Daten zu \u00fcberpr\u00fcfen; (2) die Verarbeitung unrechtm\u00e4\u00dfig ist und Sie die L\u00f6schung der personenbezogenen Daten ablehnen und stattdessen die Einschr\u00e4nkung der Nutzung der personenbezogenen Daten verlangen; (3) der Verantwortliche die personenbezogenen Daten f\u00fcr die Zwecke der Verarbeitung nicht l\u00e4nger ben\u00f6tigt, Sie diese jedoch zur Geltendmachung, Aus\u00fcbung oder Verteidigung von Rechtsanspr\u00fcchen ben\u00f6tigen, oder (4) wenn Sie Widerspruch gegen die Verarbeitung gem\u00e4\u00df Art. 21 Abs. 1 DSGVO eingelegt haben und noch nicht feststeht, ob die berechtigten Gr\u00fcnde des Verantwortlichen gegen\u00fcber Ihren Gr\u00fcnden \u00fcberwiegen. Wurde die Verarbeitung der Sie betreffenden personenbezogenen Daten eingeschr\u00e4nkt, d\u00fcrfen diese Daten \u2013 von ihrer Speicherung abgesehen \u2013 nur mit Ihrer Einwilligung oder zur Geltendmachung, Aus\u00fcbung oder Verteidigung von Rechtsanspr\u00fcchen oder zum Schutz der Rechte einer anderen nat\u00fcrlichen oder juristischen Person oder aus Gr\u00fcnden eines wichtigen \u00f6ffentlichen Interesses der Union oder eines Mitgliedstaats verarbeitet werden. Wurde die Einschr\u00e4nkung der Verarbeitung nach den o.g. Voraussetzungen eingeschr\u00e4nkt, werden Sie von dem Verantwortlichen unterrichtet bevor die Einschr\u00e4nkung aufgehoben wird.<\/li>\n<li><strong>Recht auf L\u00f6schung<\/strong>:\u00a0Sie k\u00f6nnen von dem Verantwortlichen verlangen, dass die Sie betreffenden personenbezogenen Daten unverz\u00fcglich gel\u00f6scht werden, und der Verantwortliche ist verpflichtet, diese Daten unverz\u00fcglich zu l\u00f6schen, sofern einer der folgenden Gr\u00fcnde zutrifft: (1) Die Sie betreffenden personenbezogenen Daten sind f\u00fcr die Zwecke, f\u00fcr die sie erhoben oder auf sonstige Weise verarbeitet wurden, nicht mehr notwendig. (2) Sie widerrufen Ihre Einwilligung, auf die sich die Verarbeitung gem. Art. 6 Abs. 1 lit. a oder Art. 9 Abs. 2 lit. a DSGVO st\u00fctzte, und es fehlt an einer anderweitigen Rechtsgrundlage f\u00fcr die Verarbeitung. (3) Sie legen gem. Art. 21 Abs. 1 DSGVO Widerspruch gegen die Verarbeitung ein und es liegen keine vorrangigen berechtigten Gr\u00fcnde f\u00fcr die Verarbeitung vor, oder Sie legen gem. Art. 21 Abs. 2 DSGVO Widerspruch gegen die Verarbeitung ein. (4) Die Sie betreffenden personenbezogenen Daten wurden unrechtm\u00e4\u00dfig verarbeitet. (5) Die L\u00f6schung der Sie betreffenden personenbezogenen Daten ist zur Erf\u00fcllung einer rechtlichen Verpflichtung nach dem Unionsrecht oder dem Recht der Mitgliedstaaten erforderlich, dem der Verantwortliche unterliegt. (6) Die Sie betreffenden personenbezogenen Daten wurden in Bezug auf angebotene Dienste der Informationsgesellschaft gem\u00e4\u00df Art. 8 Abs. 1 DSGVO erhoben. Information an Dritte: Hat der Verantwortliche die Sie betreffenden personenbezogenen Daten \u00f6ffentlich gemacht und ist er gem. Art. 17 Abs. 1 DSGVO zu deren L\u00f6schung verpflichtet, so trifft er unter Ber\u00fccksichtigung der verf\u00fcgbaren Technologie und der Implementierungskosten angemessene Ma\u00dfnahmen, auch technischer Art, um f\u00fcr die Datenverarbeitung Verantwortliche, die die personenbezogenen Daten verarbeiten, dar\u00fcber zu informieren, dass Sie als betroffene Person von ihnen die L\u00f6schung aller Links zu diesen personenbezogenen Daten oder von Kopien oder Replikationen dieser personenbezogenen Daten verlangt haben. Ausnahmen: Das Recht auf L\u00f6schung besteht nicht, soweit die Verarbeitung erforderlich ist (1) zur Aus\u00fcbung des Rechts auf freie Meinungs\u00e4u\u00dferung und Information; (2) zur Erf\u00fcllung einer rechtlichen Verpflichtung, die die Verarbeitung nach dem Recht der Union oder der Mitgliedstaaten, dem der Verantwortliche unterliegt, erfordert, oder zur Wahrnehmung einer Aufgabe, die im \u00f6ffentlichen Interesse liegt oder in Aus\u00fcbung \u00f6ffentlicher Gewalt erfolgt, die dem Verantwortlichen \u00fcbertragen wurde; (3) aus Gr\u00fcnden des \u00f6ffentlichen Interesses im Bereich der \u00f6ffentlichen Gesundheit gem\u00e4\u00df Art. 9 Abs. 2 lit. h und i sowie Art. 9 Abs. 3 DSGVO; (4) f\u00fcr im \u00f6ffentlichen Interesse liegende Archivzwecke, wissenschaftliche oder historische Forschungszwecke oder f\u00fcr statistische Zwecke gem. Art. 89 Abs. 1 DSGVO, soweit das unter Abschnitt a) genannte Recht voraussichtlich die Verwirklichung der Ziele dieser Verarbeitung unm\u00f6glich macht oder ernsthaft beeintr\u00e4chtigt, oder (5) zur Geltendmachung, Aus\u00fcbung oder Verteidigung von Rechtsanspr\u00fcchen.<\/li>\n<li><strong>Recht auf Unterrichtung<\/strong>:\u00a0Haben Sie das Recht auf Berichtigung, L\u00f6schung oder Einschr\u00e4nkung der Verarbeitung gegen\u00fcber dem Verantwortlichen geltend gemacht, ist dieser verpflichtet, allen Empf\u00e4ngern, denen die Sie betreffenden personenbezogenen Daten offengelegt wurden, diese Berichtigung oder L\u00f6schung der Daten oder Einschr\u00e4nkung der Verarbeitung mitzuteilen, es sei denn, dies erweist sich als unm\u00f6glich oder ist mit einem unverh\u00e4ltnism\u00e4\u00dfigen Aufwand verbunden. Ihnen steht gegen\u00fcber dem Verantwortlichen das Recht zu, \u00fcber diese Empf\u00e4nger unterrichtet zu werden.<\/li>\n<li><strong>Recht auf Unterrichtung<\/strong>:\u00a0Haben Sie das Recht auf Berichtigung, L\u00f6schung oder Einschr\u00e4nkung der Verarbeitung gegen\u00fcber dem Verantwortlichen geltend gemacht, ist dieser verpflichtet, allen Empf\u00e4ngern, denen die Sie betreffenden personenbezogenen Daten offengelegt wurden, diese Berichtigung oder L\u00f6schung der Daten oder Einschr\u00e4nkung der Verarbeitung mitzuteilen, es sei denn, dies erweist sich als unm\u00f6glich oder ist mit einem unverh\u00e4ltnism\u00e4\u00dfigen Aufwand verbunden. Ihnen steht gegen\u00fcber dem Verantwortlichen das Recht zu, \u00fcber diese Empf\u00e4nger unterrichtet zu werden.<\/li>\n<li><strong>Recht auf Daten\u00fcbertragbarkeit<\/strong>:\u00a0Sie haben das Recht, die Sie betreffenden personenbezogenen Daten, die Sie dem Verantwortlichen bereitgestellt haben, in einem strukturierten, g\u00e4ngigen und maschinenlesbaren Format zu erhalten. Au\u00dferdem haben Sie das Recht, diese Daten einem anderen Verantwortlichen ohne Behinderung durch den Verantwortlichen, dem die personenbezogenen Daten bereitgestellt wurden, zu \u00fcbermitteln, sofern (1) die Verarbeitung auf einer Einwilligung gem. Art. 6 Abs. 1 lit. a DSGVO oder Art. 9 Abs. 2 lit. a DSGVO oder auf einem Vertrag gem. Art. 6 Abs. 1 lit. b DSGVO beruht und (2) die Verarbeitung mithilfe automatisierter Verfahren erfolgt. In Aus\u00fcbung dieses Rechts haben Sie ferner das Recht, zu erwirken, dass die Sie betreffenden personenbezogenen Daten direkt von einem Verantwortlichen einem anderen Verantwortlichen \u00fcbermittelt werden, soweit dies technisch machbar ist. Freiheiten und Rechte anderer Personen d\u00fcrfen hierdurch nicht beeintr\u00e4chtigt werden. Das Recht auf Daten\u00fcbertragbarkeit gilt nicht f\u00fcr eine Verarbeitung personenbezogener Daten, die f\u00fcr die Wahrnehmung einer Aufgabe erforderlich ist, die im \u00f6ffentlichen Interesse liegt oder in Aus\u00fcbung \u00f6ffentlicher Gewalt erfolgt, die dem Verantwortlichen \u00fcbertragen wurde.<\/li>\n<li><strong>Widerspruchsrecht<\/strong>:\u00a0Sie haben das Recht, aus Gr\u00fcnden, die sich aus ihrer besonderen Situation ergeben, jederzeit gegen die Verarbeitung der Sie betreffenden personenbezogenen Daten, die aufgrund von Art. 6 Abs. 1 lit. e oder f DSGVO erfolgt, Widerspruch einzulegen; dies gilt auch f\u00fcr ein auf diese Bestimmungen gest\u00fctztes Profiling. Der Verantwortliche verarbeitet die Sie betreffenden personenbezogenen Daten nicht mehr, es sei denn, er kann zwingende schutzw\u00fcrdige Gr\u00fcnde f\u00fcr die Verarbeitung nachweisen, die Ihre Interessen, Rechte und Freiheiten \u00fcberwiegen, oder die Verarbeitung dient der Geltendmachung, Aus\u00fcbung oder Verteidigung von Rechtsanspr\u00fcchen. Werden die Sie betreffenden personenbezogenen Daten verarbeitet, um Direktwerbung zu betreiben, haben Sie das Recht, jederzeit Widerspruch gegen die Verarbeitung der Sie betreffenden personenbezogenen Daten zum Zwecke derartiger Werbung einzulegen; dies gilt auch f\u00fcr das Profiling, soweit es mit solcher Direktwerbung in Verbindung steht. Widersprechen Sie der Verarbeitung f\u00fcr Zwecke der Direktwerbung, so werden die Sie betreffenden personenbezogenen Daten nicht mehr f\u00fcr diese Zwecke verarbeitet. Sie haben die M\u00f6glichkeit, im Zusammenhang mit der Nutzung von Diensten der Informationsgesellschaft \u2013 ungeachtet der Richtlinie 2002\/58\/EG \u2013 Ihr Widerspruchsrecht mittels automatisierter Verfahren auszu\u00fcben, bei denen technische Spezifikationen verwendet werden.<\/li>\n<li><strong>Recht auf Widerruf der datenschutzrechtlichen Einwilligungserkl\u00e4rung<\/strong>:\u00a0Sie haben das Recht, Ihre datenschutzrechtliche Einwilligungserkl\u00e4rung jederzeit zu widerrufen. Durch den Widerruf der Einwilligung wird die Rechtm\u00e4\u00dfigkeit der aufgrund der Einwilligung bis zum Widerruf erfolgten Verarbeitung nicht ber\u00fchrt.<\/li>\n<li><strong>Beschwerderecht<\/strong>:\u00a0Nach Art. 77 DS-GVO haben Sie das Recht, sich bei einer Datenschutz-Aufsichtsbeh\u00f6rde \u00fcber die Verarbeitung Ihrer personenbezogenen Daten durch uns zu beschweren.<\/li>\n<\/ul>\n<h4 class=\"h5\">Google Web Fonts<\/h4>\n<p>Auf unserer Webseite verwenden wir zur einheitlichen Darstellung von Schriftarten so genannte Web Fonts, die von Google bereitgestellt werden. Zu diesem Zweck muss der von Ihnen verwendete Browser Verbindung zu den Servern von Google aufnehmen. Hierdurch erlangt Google Kenntnis dar\u00fcber, dass \u00fcber Ihre IP-Adresse unsere Webseite aufgerufen wurde. Die Nutzung von Google Web Fonts erfolgt im Interesse einer einheitlichen und ansprechenden Darstellung unserer Online-Angebote. Dies stellt ein berechtigtes Interesse im Sinne von Art. 6 Abs. 1 S. 1 lit. f DSGVO dar. Sofern Ihr Browser Web Fonts nicht unterst\u00fctzt, wird eine Standardschrift von Ihrem Endger\u00e4t genutzt. Weitere Informationen zu Google Web Fonts finden Sie\u00a0<a href=\"https:\/\/developers.google.com\/fonts\/faq\">hier<\/a>\u00a0und in der\u00a0<a href=\"https:\/\/policies.google.com\/privacy?hl=de&amp;gl=de\">Datenschutzerkl\u00e4rung von Google<\/a>.<\/p>\t\t\t\t\t\t\t\t<\/div>\n\t\t\t\t<\/div>\n\t\t\t\t\t<\/div>\n\t\t<\/div>\n\t\t\t\t\t<\/div>\n\t\t<\/section>\n\t\t\t\t<\/div>\n\t\t","protected":false},"excerpt":{"rendered":"<p>Datenschutzerkl\u00e4rung Wir behandeln personenbezogene Daten vertraulich und entsprechend der gesetzlichen Datenschutzvorschriften sowie dieser Datenschutzerkl\u00e4rung. Wir m\u00f6chten Sie hiermit \u00fcber die Verarbeitung von personenbezogenen Daten auf dieser Website informieren. Wir verarbeiten Ihre pers\u00f6nlichen Daten nur, wenn sie hierin eingewilligt haben oder hier eine gesetzliche Grundlage besteht. Kontaktdaten Verantwortlich f\u00fcr die Verarbeitung der Daten im Sinne von [&hellip;]<\/p>\n","protected":false},"author":1,"featured_media":0,"parent":0,"menu_order":0,"comment_status":"closed","ping_status":"open","template":"elementor_header_footer","meta":{"footnotes":""},"class_list":["post-3","page","type-page","status-publish","hentry"],"_links":{"self":[{"href":"https:\/\/gandlaubau.de\/index.php?rest_route=\/wp\/v2\/pages\/3","targetHints":{"allow":["GET"]}}],"collection":[{"href":"https:\/\/gandlaubau.de\/index.php?rest_route=\/wp\/v2\/pages"}],"about":[{"href":"https:\/\/gandlaubau.de\/index.php?rest_route=\/wp\/v2\/types\/page"}],"author":[{"embeddable":true,"href":"https:\/\/gandlaubau.de\/index.php?rest_route=\/wp\/v2\/users\/1"}],"replies":[{"embeddable":true,"href":"https:\/\/gandlaubau.de\/index.php?rest_route=%2Fwp%2Fv2%2Fcomments&post=3"}],"version-history":[{"count":7,"href":"https:\/\/gandlaubau.de\/index.php?rest_route=\/wp\/v2\/pages\/3\/revisions"}],"predecessor-version":[{"id":269,"href":"https:\/\/gandlaubau.de\/index.php?rest_route=\/wp\/v2\/pages\/3\/revisions\/269"}],"wp:attachment":[{"href":"https:\/\/gandlaubau.de\/index.php?rest_route=%2Fwp%2Fv2%2Fmedia&parent=3"}],"curies":[{"name":"wp","href":"https:\/\/api.w.org\/{rel}","templated":true}]}}